{"id":1325,"date":"2024-12-11T12:52:38","date_gmt":"2024-12-11T12:52:38","guid":{"rendered":"https:\/\/gecorentals.ro\/?page_id=1325"},"modified":"2025-01-20T08:23:14","modified_gmt":"2025-01-20T08:23:14","slug":"blog","status":"publish","type":"page","link":"https:\/\/gecorentals.ro\/en\/blog\/","title":{"rendered":"Blog"},"content":{"rendered":"<div data-elementor-type=\"wp-page\" data-elementor-id=\"1325\" class=\"elementor elementor-1325\" data-elementor-post-type=\"page\">\n\t\t\t\t<div class=\"elementor-element elementor-element-2f2d0aa e-con-full e-flex e-con e-parent\" data-id=\"2f2d0aa\" data-element_type=\"container\">\n\t\t<div class=\"elementor-element elementor-element-52f215b e-flex e-con-boxed e-con e-child\" data-id=\"52f215b\" data-element_type=\"container\">\n\t\t\t\t\t<div class=\"e-con-inner\">\n\t\t\t\t<div class=\"elementor-element elementor-element-b83d573 section_post elementor-grid-3 elementor-grid-tablet-2 elementor-grid-mobile-1 elementor-posts--thumbnail-top elementor-widget elementor-widget-posts\" data-id=\"b83d573\" data-element_type=\"widget\" data-settings=\"{&quot;classic_columns&quot;:&quot;3&quot;,&quot;classic_columns_tablet&quot;:&quot;2&quot;,&quot;classic_columns_mobile&quot;:&quot;1&quot;,&quot;classic_row_gap&quot;:{&quot;unit&quot;:&quot;px&quot;,&quot;size&quot;:35,&quot;sizes&quot;:[]},&quot;classic_row_gap_tablet&quot;:{&quot;unit&quot;:&quot;px&quot;,&quot;size&quot;:&quot;&quot;,&quot;sizes&quot;:[]},&quot;classic_row_gap_mobile&quot;:{&quot;unit&quot;:&quot;px&quot;,&quot;size&quot;:&quot;&quot;,&quot;sizes&quot;:[]}}\" data-widget_type=\"posts.classic\">\n\t\t\t\t<div class=\"elementor-widget-container\">\n\t\t\t\t\t\t\t<div class=\"elementor-posts-container elementor-posts elementor-posts--skin-classic elementor-grid\">\n\t\t\t\t<article class=\"elementor-post elementor-grid-item post-403 post type-post status-publish format-standard has-post-thumbnail hentry category-blog\">\n\t\t\t\t<a class=\"elementor-post__thumbnail__link\" href=\"https:\/\/gecorentals.ro\/en\/articolul-3\/\" tabindex=\"-1\" >\n\t\t\t<div class=\"elementor-post__thumbnail\"><img fetchpriority=\"high\" decoding=\"async\" width=\"2000\" height=\"1333\" src=\"https:\/\/gecorentals.ro\/wp-content\/uploads\/2024\/12\/Calatoreste-fara-griji-cu-serviciul-nostru-de-transfer-aeroport.jpg\" class=\"attachment-full size-full wp-image-2177\" alt=\"\" srcset=\"https:\/\/gecorentals.ro\/wp-content\/uploads\/2024\/12\/Calatoreste-fara-griji-cu-serviciul-nostru-de-transfer-aeroport.jpg 2000w, https:\/\/gecorentals.ro\/wp-content\/uploads\/2024\/12\/Calatoreste-fara-griji-cu-serviciul-nostru-de-transfer-aeroport-300x200.jpg 300w, https:\/\/gecorentals.ro\/wp-content\/uploads\/2024\/12\/Calatoreste-fara-griji-cu-serviciul-nostru-de-transfer-aeroport-1024x682.jpg 1024w, https:\/\/gecorentals.ro\/wp-content\/uploads\/2024\/12\/Calatoreste-fara-griji-cu-serviciul-nostru-de-transfer-aeroport-768x512.jpg 768w, https:\/\/gecorentals.ro\/wp-content\/uploads\/2024\/12\/Calatoreste-fara-griji-cu-serviciul-nostru-de-transfer-aeroport-1536x1024.jpg 1536w\" sizes=\"(max-width: 2000px) 100vw, 2000px\" \/><\/div>\n\t\t<\/a>\n\t\t\t\t<div class=\"elementor-post__text\">\n\t\t\t\t<h3 class=\"elementor-post__title\">\n\t\t\t<a href=\"https:\/\/gecorentals.ro\/en\/articolul-3\/\" >\n\t\t\t\tC\u0103l\u0103tore\u0219te f\u0103r\u0103 griji cu serviciul nostru de transfer aeroport\t\t\t<\/a>\n\t\t<\/h3>\n\t\t\t\t<div class=\"elementor-post__excerpt\">\n\t\t\t<p>C\u0103l\u0103tore\u0219te f\u0103r\u0103 griji cu serviciul nostru de transfer aeroport Planificarea unei c\u0103l\u0103torii poate fi stresant\u0103, mai ales c\u00e2nd vine vorba de transportul c\u0103tre \u0219i de<\/p>\n\t\t<\/div>\n\t\t\n\t\t<a class=\"elementor-post__read-more\" href=\"https:\/\/gecorentals.ro\/en\/articolul-3\/\" aria-label=\"Read more about C\u0103l\u0103tore\u0219te f\u0103r\u0103 griji cu serviciul nostru de transfer aeroport\" tabindex=\"-1\" >\n\t\t\tRead more\t\t<\/a>\n\n\t\t\t\t<\/div>\n\t\t\t\t<\/article>\n\t\t\t\t<article class=\"elementor-post elementor-grid-item post-401 post type-post status-publish format-standard has-post-thumbnail hentry category-blog\">\n\t\t\t\t<a class=\"elementor-post__thumbnail__link\" href=\"https:\/\/gecorentals.ro\/en\/servicii-de-inchiriere-masini\/\" tabindex=\"-1\" >\n\t\t\t<div class=\"elementor-post__thumbnail\"><img decoding=\"async\" width=\"1024\" height=\"683\" src=\"https:\/\/gecorentals.ro\/wp-content\/uploads\/2024\/12\/WhatsApp-Image-2025-01-20-at-10.16.01.jpeg\" class=\"attachment-full size-full wp-image-2188\" alt=\"\" srcset=\"https:\/\/gecorentals.ro\/wp-content\/uploads\/2024\/12\/WhatsApp-Image-2025-01-20-at-10.16.01.jpeg 1024w, https:\/\/gecorentals.ro\/wp-content\/uploads\/2024\/12\/WhatsApp-Image-2025-01-20-at-10.16.01-300x200.jpeg 300w, https:\/\/gecorentals.ro\/wp-content\/uploads\/2024\/12\/WhatsApp-Image-2025-01-20-at-10.16.01-768x512.jpeg 768w\" sizes=\"(max-width: 1024px) 100vw, 1024px\" \/><\/div>\n\t\t<\/a>\n\t\t\t\t<div class=\"elementor-post__text\">\n\t\t\t\t<h3 class=\"elementor-post__title\">\n\t\t\t<a href=\"https:\/\/gecorentals.ro\/en\/servicii-de-inchiriere-masini\/\" >\n\t\t\t\tServicii de \u00eenchiriere ma\u0219ini \u2013 libertatea de a c\u0103l\u0103tori \u00een ritmul t\u0103u!\t\t\t<\/a>\n\t\t<\/h3>\n\t\t\t\t<div class=\"elementor-post__excerpt\">\n\t\t\t<p>Servicii de inchiriere masini \u2013 libertatea de a c\u0103l\u0103tori \u00een ritmul t\u0103u! Pentru o deplasare u\u0219oar\u0103 \u0219i comod\u0103, \u00ee\u021bi oferim serviciul\u00a0 de inchiriere o masini.<\/p>\n\t\t<\/div>\n\t\t\n\t\t<a class=\"elementor-post__read-more\" href=\"https:\/\/gecorentals.ro\/en\/servicii-de-inchiriere-masini\/\" aria-label=\"Read more about Servicii de \u00eenchiriere ma\u0219ini \u2013 libertatea de a c\u0103l\u0103tori \u00een ritmul t\u0103u!\" tabindex=\"-1\" >\n\t\t\tRead more\t\t<\/a>\n\n\t\t\t\t<\/div>\n\t\t\t\t<\/article>\n\t\t\t\t<article class=\"elementor-post elementor-grid-item post-399 post type-post status-publish format-standard has-post-thumbnail hentry category-blog\">\n\t\t\t\t<a class=\"elementor-post__thumbnail__link\" href=\"https:\/\/gecorentals.ro\/en\/leasing-operational\/\" tabindex=\"-1\" >\n\t\t\t<div class=\"elementor-post__thumbnail\"><img decoding=\"async\" width=\"1024\" height=\"576\" src=\"https:\/\/gecorentals.ro\/wp-content\/uploads\/2024\/12\/Leasing-operational.jpg\" class=\"attachment-full size-full wp-image-2175\" alt=\"\" srcset=\"https:\/\/gecorentals.ro\/wp-content\/uploads\/2024\/12\/Leasing-operational.jpg 1024w, https:\/\/gecorentals.ro\/wp-content\/uploads\/2024\/12\/Leasing-operational-300x169.jpg 300w, https:\/\/gecorentals.ro\/wp-content\/uploads\/2024\/12\/Leasing-operational-768x432.jpg 768w\" sizes=\"(max-width: 1024px) 100vw, 1024px\" \/><\/div>\n\t\t<\/a>\n\t\t\t\t<div class=\"elementor-post__text\">\n\t\t\t\t<h3 class=\"elementor-post__title\">\n\t\t\t<a href=\"https:\/\/gecorentals.ro\/en\/leasing-operational\/\" >\n\t\t\t\tLeasing opera\u021bional\t\t\t<\/a>\n\t\t<\/h3>\n\t\t\t\t<div class=\"elementor-post__excerpt\">\n\t\t\t<p>Leasing opera\u021bional ( \u00eenchiriere ma\u0219ini pe termen lung) \u2013 o solu\u021bie flexibil\u0103 \u0219i economic\u0103 pentru afacerea ta! \u00cenchirierea unei ma\u0219ini pe termen lung (leasing operational),<\/p>\n\t\t<\/div>\n\t\t\n\t\t<a class=\"elementor-post__read-more\" href=\"https:\/\/gecorentals.ro\/en\/leasing-operational\/\" aria-label=\"Read more about Leasing opera\u021bional\" tabindex=\"-1\" >\n\t\t\tRead more\t\t<\/a>\n\n\t\t\t\t<\/div>\n\t\t\t\t<\/article>\n\t\t\t\t<\/div>\n\t\t\n\t\t\t\t\t\t<\/div>\n\t\t\t\t<\/div>\n\t\t\t\t\t<\/div>\n\t\t\t\t<\/div>\n\t\t\t\t<\/div>\n\t\t\t\t<\/div>","protected":false},"excerpt":{"rendered":"","protected":false},"author":1,"featured_media":0,"parent":0,"menu_order":0,"comment_status":"closed","ping_status":"closed","template":"elementor_header_footer","meta":{"footnotes":""},"class_list":["post-1325","page","type-page","status-publish","hentry"],"yoast_head":"<!-- This site is optimized with the Yoast SEO plugin v24.7 - https:\/\/yoast.com\/wordpress\/plugins\/seo\/ -->\n<title>Blog - Geco Rentals<\/title>\n<meta name=\"robots\" content=\"index, follow, max-snippet:-1, max-image-preview:large, max-video-preview:-1\" \/>\n<link rel=\"canonical\" href=\"https:\/\/gecorentals.ro\/en\/blog\/\" \/>\n<meta property=\"og:locale\" content=\"en_US\" \/>\n<meta property=\"og:type\" content=\"article\" \/>\n<meta property=\"og:title\" content=\"Blog - Geco Rentals\" \/>\n<meta property=\"og:url\" content=\"https:\/\/gecorentals.ro\/en\/blog\/\" \/>\n<meta property=\"og:site_name\" content=\"Geco Rentals\" \/>\n<meta property=\"article:modified_time\" content=\"2025-01-20T08:23:14+00:00\" \/>\n<meta name=\"twitter:card\" content=\"summary_large_image\" \/>\n<meta name=\"twitter:label1\" content=\"Est. reading time\" \/>\n\t<meta name=\"twitter:data1\" content=\"3 minutes\" \/>\n<script type=\"application\/ld+json\" class=\"yoast-schema-graph\">{\"@context\":\"https:\/\/schema.org\",\"@graph\":[{\"@type\":\"WebPage\",\"@id\":\"https:\/\/gecorentals.ro\/blog\/\",\"url\":\"https:\/\/gecorentals.ro\/blog\/\",\"name\":\"Blog - Geco Rentals\",\"isPartOf\":{\"@id\":\"https:\/\/gecorentals.ro\/#website\"},\"datePublished\":\"2024-12-11T12:52:38+00:00\",\"dateModified\":\"2025-01-20T08:23:14+00:00\",\"breadcrumb\":{\"@id\":\"https:\/\/gecorentals.ro\/blog\/#breadcrumb\"},\"inLanguage\":\"en-US\",\"potentialAction\":[{\"@type\":\"ReadAction\",\"target\":[\"https:\/\/gecorentals.ro\/blog\/\"]}]},{\"@type\":\"BreadcrumbList\",\"@id\":\"https:\/\/gecorentals.ro\/blog\/#breadcrumb\",\"itemListElement\":[{\"@type\":\"ListItem\",\"position\":1,\"name\":\"Prima pagin\u0103\",\"item\":\"https:\/\/gecorentals.ro\/\"},{\"@type\":\"ListItem\",\"position\":2,\"name\":\"Blog\"}]},{\"@type\":\"WebSite\",\"@id\":\"https:\/\/gecorentals.ro\/#website\",\"url\":\"https:\/\/gecorentals.ro\/\",\"name\":\"Geco Rentals\",\"description\":\"Rent a car Romania\",\"publisher\":{\"@id\":\"https:\/\/gecorentals.ro\/#organization\"},\"potentialAction\":[{\"@type\":\"SearchAction\",\"target\":{\"@type\":\"EntryPoint\",\"urlTemplate\":\"https:\/\/gecorentals.ro\/?s={search_term_string}\"},\"query-input\":{\"@type\":\"PropertyValueSpecification\",\"valueRequired\":true,\"valueName\":\"search_term_string\"}}],\"inLanguage\":\"en-US\"},{\"@type\":\"Organization\",\"@id\":\"https:\/\/gecorentals.ro\/#organization\",\"name\":\"Geco Rentals\",\"url\":\"https:\/\/gecorentals.ro\/\",\"logo\":{\"@type\":\"ImageObject\",\"inLanguage\":\"en-US\",\"@id\":\"https:\/\/gecorentals.ro\/#\/schema\/logo\/image\/\",\"url\":\"https:\/\/gecorentals.ro\/wp-content\/uploads\/2024\/12\/Artboard-1-copy.svg\",\"contentUrl\":\"https:\/\/gecorentals.ro\/wp-content\/uploads\/2024\/12\/Artboard-1-copy.svg\",\"width\":1549,\"height\":308,\"caption\":\"Geco Rentals\"},\"image\":{\"@id\":\"https:\/\/gecorentals.ro\/#\/schema\/logo\/image\/\"}}]}<\/script>\n<!-- \/ Yoast SEO plugin. -->","yoast_head_json":{"title":"Blog - Geco Rentals","robots":{"index":"index","follow":"follow","max-snippet":"max-snippet:-1","max-image-preview":"max-image-preview:large","max-video-preview":"max-video-preview:-1"},"canonical":"https:\/\/gecorentals.ro\/en\/blog\/","og_locale":"en_US","og_type":"article","og_title":"Blog - Geco Rentals","og_url":"https:\/\/gecorentals.ro\/en\/blog\/","og_site_name":"Geco Rentals","article_modified_time":"2025-01-20T08:23:14+00:00","twitter_card":"summary_large_image","twitter_misc":{"Est. reading time":"3 minutes"},"schema":{"@context":"https:\/\/schema.org","@graph":[{"@type":"WebPage","@id":"https:\/\/gecorentals.ro\/blog\/","url":"https:\/\/gecorentals.ro\/blog\/","name":"Blog - Geco Rentals","isPartOf":{"@id":"https:\/\/gecorentals.ro\/#website"},"datePublished":"2024-12-11T12:52:38+00:00","dateModified":"2025-01-20T08:23:14+00:00","breadcrumb":{"@id":"https:\/\/gecorentals.ro\/blog\/#breadcrumb"},"inLanguage":"en-US","potentialAction":[{"@type":"ReadAction","target":["https:\/\/gecorentals.ro\/blog\/"]}]},{"@type":"BreadcrumbList","@id":"https:\/\/gecorentals.ro\/blog\/#breadcrumb","itemListElement":[{"@type":"ListItem","position":1,"name":"Prima pagin\u0103","item":"https:\/\/gecorentals.ro\/"},{"@type":"ListItem","position":2,"name":"Blog"}]},{"@type":"WebSite","@id":"https:\/\/gecorentals.ro\/#website","url":"https:\/\/gecorentals.ro\/","name":"Geco Rentals","description":"Rent a car Romania","publisher":{"@id":"https:\/\/gecorentals.ro\/#organization"},"potentialAction":[{"@type":"SearchAction","target":{"@type":"EntryPoint","urlTemplate":"https:\/\/gecorentals.ro\/?s={search_term_string}"},"query-input":{"@type":"PropertyValueSpecification","valueRequired":true,"valueName":"search_term_string"}}],"inLanguage":"en-US"},{"@type":"Organization","@id":"https:\/\/gecorentals.ro\/#organization","name":"Geco Rentals","url":"https:\/\/gecorentals.ro\/","logo":{"@type":"ImageObject","inLanguage":"en-US","@id":"https:\/\/gecorentals.ro\/#\/schema\/logo\/image\/","url":"https:\/\/gecorentals.ro\/wp-content\/uploads\/2024\/12\/Artboard-1-copy.svg","contentUrl":"https:\/\/gecorentals.ro\/wp-content\/uploads\/2024\/12\/Artboard-1-copy.svg","width":1549,"height":308,"caption":"Geco Rentals"},"image":{"@id":"https:\/\/gecorentals.ro\/#\/schema\/logo\/image\/"}}]}},"_links":{"self":[{"href":"https:\/\/gecorentals.ro\/en\/wp-json\/wp\/v2\/pages\/1325","targetHints":{"allow":["GET"]}}],"collection":[{"href":"https:\/\/gecorentals.ro\/en\/wp-json\/wp\/v2\/pages"}],"about":[{"href":"https:\/\/gecorentals.ro\/en\/wp-json\/wp\/v2\/types\/page"}],"author":[{"embeddable":true,"href":"https:\/\/gecorentals.ro\/en\/wp-json\/wp\/v2\/users\/1"}],"replies":[{"embeddable":true,"href":"https:\/\/gecorentals.ro\/en\/wp-json\/wp\/v2\/comments?post=1325"}],"version-history":[{"count":22,"href":"https:\/\/gecorentals.ro\/en\/wp-json\/wp\/v2\/pages\/1325\/revisions"}],"predecessor-version":[{"id":2187,"href":"https:\/\/gecorentals.ro\/en\/wp-json\/wp\/v2\/pages\/1325\/revisions\/2187"}],"wp:attachment":[{"href":"https:\/\/gecorentals.ro\/en\/wp-json\/wp\/v2\/media?parent=1325"}],"curies":[{"name":"wp","href":"https:\/\/api.w.org\/{rel}","templated":true}]}}